{"id":885,"date":"2020-12-14T15:52:38","date_gmt":"2020-12-14T19:52:38","guid":{"rendered":"https:\/\/heleneguay.com\/elder-law\/"},"modified":"2026-02-02T11:42:15","modified_gmt":"2026-02-02T16:42:15","slug":"elder-law","status":"publish","type":"page","link":"https:\/\/heleneguay.com\/en\/elder-law\/","title":{"rendered":"Elder Law"},"content":{"rendered":"<div id='full_slider_1'  class='avia-fullwidth-slider main_color avia-shadow   avia-builder-el-0  el_before_av_one_half  avia-builder-el-first   container_wrap sidebar_right' style=' '  ><div   data-size='no scaling'  data-lightbox_size='large'  data-animation='slide'  data-conditional_play=''  data-ids='345'  data-video_counter='0'  data-autoplay='false'  data-bg_slider='false'  data-slide_height=''  data-handle='av_slideshow_full'  data-interval='5'  data-class=' '  data-el_id=''  data-css_id=''  data-scroll_down=''  data-control_layout='av-control-hidden'  data-custom_markup=''  data-perma_caption=''  data-autoplay_stopper=''  data-image_attachment=''  data-min_height='0px'  data-src=''  data-position='top left'  data-repeat='no-repeat'  data-attach='scroll'  data-stretch=''  class='avia-slideshow avia-slideshow-1  av-control-hidden av-default-height-applied avia-slideshow-no scaling av_slideshow_full   avia-slide-slider '  itemprop=\"image\" itemscope=\"itemscope\" itemtype=\"https:\/\/schema.org\/ImageObject\" ><ul class='avia-slideshow-inner ' style='padding-bottom: 43.333333333333%;' ><li  class=' av-single-slide slide-1 ' ><div data-rel='slideshow-1' class='avia-slide-wrap '   ><div class = \"caption_fullwidth av-slideshow-caption caption_left\"><div class = \"container caption_container\"><div class = \"slideshow_caption\"><div class = \"slideshow_inner_caption\"><div class = \"slideshow_align_caption\"><h2  style='font-size:36px; ' class='avia-caption-title   av-medium-font-size-overwrite av-medium-font-size-24 av-small-font-size-overwrite av-small-font-size-22 av-mini-font-size-overwrite av-mini-font-size-20'  itemprop=\"name\" >Our approach and expertise in the field of eldercare law ensure that you are represented by an expert lawyer.<\/h2><\/div><\/div><\/div><\/div><\/div><img decoding=\"async\" class=\"wp-image-345\"  src=\"https:\/\/heleneguay.com\/wp-content\/uploads\/2020\/09\/droits-des-aines-slider.jpg\" width='1920' height='832' title='droits-des-aines-slider' alt='Droits des a\u00een\u00e9s'  itemprop=\"thumbnailUrl\" srcset=\"https:\/\/heleneguay.com\/wp-content\/uploads\/2020\/09\/droits-des-aines-slider.jpg 1920w, https:\/\/heleneguay.com\/wp-content\/uploads\/2020\/09\/droits-des-aines-slider-300x130.jpg 300w, https:\/\/heleneguay.com\/wp-content\/uploads\/2020\/09\/droits-des-aines-slider-768x333.jpg 768w, https:\/\/heleneguay.com\/wp-content\/uploads\/2020\/09\/droits-des-aines-slider-1030x446.jpg 1030w, https:\/\/heleneguay.com\/wp-content\/uploads\/2020\/09\/droits-des-aines-slider-1536x666.jpg 1536w, https:\/\/heleneguay.com\/wp-content\/uploads\/2020\/09\/droits-des-aines-slider-1500x650.jpg 1500w, https:\/\/heleneguay.com\/wp-content\/uploads\/2020\/09\/droits-des-aines-slider-705x306.jpg 705w\" sizes=\"(max-width: 1920px) 100vw, 1920px\" \/><\/div><\/li><\/ul><\/div><\/div><div id='after_full_slider_1'  class='main_color av_default_container_wrap container_wrap sidebar_right' style=' '  ><div class='container' ><div class='template-page content  av-content-small alpha units'><div class='post-entry post-entry-type-page post-entry-885'><div class='entry-content-wrapper clearfix'>\n<div class=\"flex_column av_one_half  flex_column_div first  avia-builder-el-1  el_after_av_slideshow_full  el_before_av_one_half  avia-builder-el-first  \" style='padding:0px 20px 20px 20px ; border-radius:0px; '><section class=\"av_textblock_section \"  itemscope=\"itemscope\" itemtype=\"https:\/\/schema.org\/CreativeWork\" ><div class='avia_textblock  '   itemprop=\"text\" ><h1>Elder Law<\/h1>\n<\/div><\/section><br \/>\n<div  style=' margin-top:20px; margin-bottom:20px;'  class='hr hr-custom hr-left hr-icon-no   avia-builder-el-3  el_after_av_textblock  el_before_av_textblock '><span class='hr-inner  inner-border-av-border-fat' style=' width:150px; border-color:#937761;' ><span class='hr-inner-style'><\/span><\/span><\/div><br \/>\n<section class=\"av_textblock_section \"  itemscope=\"itemscope\" itemtype=\"https:\/\/schema.org\/CreativeWork\" ><div class='avia_textblock  '   itemprop=\"text\" ><p>&#8220;Elder Law&#8221; refers to the exercise of rights of people for whom experience, and years of life have made their mark. It suggests a multidisciplinary approach. Social, legal and medical needs vary significantly from one elder to another.<\/p>\n<p>The rights of elders deserve special attention given the vulnerability of some elders, to name just one of the areas of concern.<\/p>\n<p>Our practice favors an approach whereby seniors deserve first respect and listening to expression of their wishes, and that the search for their best interests requires the identification of their abilities as well as their needs. We must avoid seeing them first as vulnerable or incapable persons because of their age or state of health.<\/p>\n<\/div><\/section><\/p><\/div>\n<div class=\"flex_column av_one_half  flex_column_div   avia-builder-el-5  el_after_av_one_half  el_before_av_section  avia-builder-el-last  \" style='padding:0px 60px 20px 20px ; border-radius:0px; '><section class=\"av_textblock_section \"  itemscope=\"itemscope\" itemtype=\"https:\/\/schema.org\/CreativeWork\" ><div class='avia_textblock  '   itemprop=\"text\" ><h3>Issues related to elders\u2019 rights involve knowledge in various fields:<\/h3>\n<ul>\n<li>Wealth management<\/li>\n<li>Preparation of wills, trusts, donations<\/li>\n<li>Power of attorney, protection mandates or mandate in case of incapacity<\/li>\n<li>Access to government programs<\/li>\n<li>Access to grandchildren<\/li>\n<li>Safeguarding autonomy and lifestyle choices<\/li>\n<li>Protection against maltreatment, exploitation, retaliation<\/li>\n<li>Home support for elders<\/li>\n<li>Support, assistance and services for elders<\/li>\n<li>Access to appropriate health care and services<\/li>\n<li>Palliative care, end of life care<\/li>\n<li>End of housing lease<\/li>\n<li>Shelter<\/li>\n<\/ul>\n<p>We have the expertise and experience to advise you on the avenues to follow and to appear before the courts to enforce elders\u2019 rights.<\/p>\n<\/div><\/section><\/div>\n<\/div><\/div><\/div><!-- close content main div --><\/div><\/div><div id='av_section_1'  class='avia-section main_color avia-section-large avia-no-border-styling  avia-bg-style-scroll  avia-builder-el-7  el_after_av_one_half  el_before_av_masonry_gallery   container_wrap sidebar_right' style='background-color: #9aa9bb;  '  ><div class='container' ><div class='template-page content  av-content-small alpha units'><div class='post-entry post-entry-type-page post-entry-885'><div class='entry-content-wrapper clearfix'>\n<div class=\"flex_column av_one_fifth  flex_column_div av-zero-column-padding first  avia-builder-el-8  el_before_av_three_fifth  avia-builder-el-first  \" style='border-radius:0px; '><\/div><div class=\"flex_column av_three_fifth  flex_column_div av-zero-column-padding   avia-builder-el-9  el_after_av_one_fifth  el_before_av_one_fifth  \" style='border-radius:0px; '><div  class='avia-video avia-video-16-9   av-lazyload-immediate  av-lazyload-video-embed  '   itemprop=\"video\" itemtype=\"https:\/\/schema.org\/VideoObject\"  data-original_url='https:\/\/vimeo.com\/495300920' ><script type='text\/html' class='av-video-tmpl'><div class='avia-iframe-wrap'><iframe loading=\"lazy\" title=\"Elder Law - H&amp;eacute;l&amp;egrave;ne Guay\" src=\"https:\/\/player.vimeo.com\/video\/495300920?dnt=1&amp;app_id=122963&autoplay=0&loop=0&controls=1&muted=0\" width=\"1280\" height=\"720\" frameborder=\"0\" allow=\"autoplay; fullscreen\" allowfullscreen><\/iframe><\/div><\/script><div class='av-click-to-play-overlay'><div class=\"avia_playpause_icon\"><\/div><\/div><\/div><\/div><div class=\"flex_column av_one_fifth  flex_column_div av-zero-column-padding   avia-builder-el-11  el_after_av_three_fifth  avia-builder-el-last  \" style='border-radius:0px; '><\/div>\n\n<div id='av-masonry-1' class='av-masonry  noHover av-fixed-size av-no-gap av-hover-overlay- av-masonry-animation-active av-masonry-col-4 av-caption-always av-caption-style- av-masonry-gallery     '  ><div class='av-masonry-container isotope av-js-disabled ' ><div class='av-masonry-entry isotope-item av-masonry-item-no-image '><\/div><a href=\"https:\/\/heleneguay.com\/wp-content\/uploads\/2020\/09\/maintien-domicile-helene-guay.jpg\"  aria-label=\"image maintien-domicile-helene-guay\"  id='av-masonry-1-item-433' data-av-masonry-item='433' class='av-masonry-entry isotope-item post-433 attachment type-attachment status-inherit hentry  av-masonry-item-with-image' title=\"maintien-domicile-helene-guay\"  itemprop=\"thumbnailUrl\" ><div class='av-inner-masonry-sizer'><\/div><figure class='av-inner-masonry main_color'><div class=\"av-masonry-outerimage-container\"><div class=\"av-masonry-image-container\" style=\"background-image: url(https:\/\/heleneguay.com\/wp-content\/uploads\/2020\/09\/maintien-domicile-helene-guay-705x470.jpg);\" title=\"maintien-domicile-helene-guay\" ><\/div><\/div><\/figure><\/a><!--end av-masonry entry--><a href=\"https:\/\/heleneguay.com\/wp-content\/uploads\/2020\/12\/droits-des-aines-marche-exterieure.jpg\"  aria-label=\"image droits-des-aines-marche-exterieure\"  id='av-masonry-1-item-1068' data-av-masonry-item='1068' class='av-masonry-entry isotope-item post-1068 attachment type-attachment status-inherit hentry  av-masonry-item-with-image' title=\"droits-des-aines-marche-exterieure\"  itemprop=\"thumbnailUrl\" ><div class='av-inner-masonry-sizer'><\/div><figure class='av-inner-masonry main_color'><div class=\"av-masonry-outerimage-container\"><div class=\"av-masonry-image-container\" style=\"background-image: url(https:\/\/heleneguay.com\/wp-content\/uploads\/2020\/12\/droits-des-aines-marche-exterieure-705x477.jpg);\" title=\"droits-des-aines-marche-exterieure\" ><\/div><\/div><\/figure><\/a><!--end av-masonry entry--><a href=\"https:\/\/heleneguay.com\/wp-content\/uploads\/2020\/09\/maintien-domicile-5-helene-guay.jpg\"  aria-label=\"image maintien-domicile-5-helene-guay\"  id='av-masonry-1-item-424' data-av-masonry-item='424' class='av-masonry-entry isotope-item post-424 attachment type-attachment status-inherit hentry  av-masonry-item-with-image' title=\"maintien-domicile-5-helene-guay\"  itemprop=\"thumbnailUrl\" ><div class='av-inner-masonry-sizer'><\/div><figure class='av-inner-masonry main_color'><div class=\"av-masonry-outerimage-container\"><div class=\"av-masonry-image-container\" style=\"background-image: url(https:\/\/heleneguay.com\/wp-content\/uploads\/2020\/09\/maintien-domicile-5-helene-guay-705x397.jpg);\" title=\"maintien-domicile-5-helene-guay\" ><\/div><\/div><\/figure><\/a><!--end av-masonry entry--><a href=\"https:\/\/heleneguay.com\/wp-content\/uploads\/2020\/08\/maintien-domicile-6-helene-guay-1030x621.jpg\"  aria-label=\"image maintien-domicile-6-helene-guay\"  id='av-masonry-1-item-264' data-av-masonry-item='264' class='av-masonry-entry isotope-item post-264 attachment type-attachment status-inherit hentry  av-masonry-item-with-image' title=\"maintien-domicile-6-helene-guay\"  itemprop=\"thumbnailUrl\" ><div class='av-inner-masonry-sizer'><\/div><figure class='av-inner-masonry main_color'><div class=\"av-masonry-outerimage-container\"><div class=\"av-masonry-image-container\" style=\"background-image: url(https:\/\/heleneguay.com\/wp-content\/uploads\/2020\/08\/maintien-domicile-6-helene-guay-705x425.jpg);\" title=\"maintien-domicile-6-helene-guay\" ><\/div><\/div><\/figure><\/a><!--end av-masonry entry--><\/div><\/div>\n<div id='av_section_2'  class='avia-section main_color avia-section-large avia-no-border-styling  avia-full-stretch avia-bg-style-scroll  avia-builder-el-13  el_after_av_masonry_gallery  avia-builder-el-last   container_wrap sidebar_right' style='background-repeat: no-repeat; background-image: url(https:\/\/heleneguay.com\/wp-content\/uploads\/2020\/08\/fond-bleu-texture-3.jpg);background-attachment: scroll; background-position: top left;  '  data-section-bg-repeat='stretch'><div class='container' ><div class='template-page content  av-content-small alpha units'><div class='post-entry post-entry-type-page post-entry-885'><div class='entry-content-wrapper clearfix'>\n<div class=\"flex_column av_one_fifth  flex_column_div av-zero-column-padding first  avia-builder-el-14  el_before_av_three_fifth  avia-builder-el-first  \" style='border-radius:0px; '><\/div><div class=\"flex_column av_three_fifth  flex_column_div av-zero-column-padding   avia-builder-el-15  el_after_av_one_fifth  el_before_av_one_fifth  \" style='border-radius:0px; '><section class=\"av_textblock_section \"  itemscope=\"itemscope\" itemtype=\"https:\/\/schema.org\/CreativeWork\" ><div class='avia_textblock  '   itemprop=\"text\" ><h2 style=\"text-align: center;\">Looking for more information about elders&#8217; rights?<\/h2>\n<\/div><\/section><\/div><div class=\"flex_column av_one_fifth  flex_column_div av-zero-column-padding   avia-builder-el-17  el_after_av_three_fifth  el_before_av_hr  \" style='border-radius:0px; '><\/div><div  style='height:30px' class='hr hr-invisible   avia-builder-el-18  el_after_av_one_fifth  el_before_av_button '><span class='hr-inner ' ><span class='hr-inner-style'><\/span><\/span><\/div>\n<div  class='avia-button-wrap avia-button-center  avia-builder-el-19  el_after_av_hr  el_before_av_one_fifth ' ><a href='https:\/\/heleneguay.com\/en\/category\/droit-des-aines-en\/'  class='avia-button  avia-color-light   avia-icon_select-no avia-size-large avia-position-center '   ><span class='avia_iconbox_title' >BLOG \u2013 ELDER LAW SECTION<\/span><\/a><\/div>\n<div class=\"flex_column av_one_fifth  flex_column_div av-zero-column-padding first  avia-builder-el-20  el_after_av_button  el_before_av_three_fifth  \" style='border-radius:0px; '><\/div><div class=\"flex_column av_three_fifth  flex_column_div   avia-builder-el-21  el_after_av_one_fifth  el_before_av_one_fifth  \" style='padding:20px 0px 0px 0px ; border-radius:0px; '><p><span  class=\"av_font_icon avia_animate_when_visible avia-icon-animate  av-icon-style- icon-li avia-icon-pos-center \" style=\"color:#ffffff; border-color:#ffffff;\"><a href='https:\/\/www.linkedin.com\/in\/heleneguay\/' target=\"_blank\" class='av-icon-char' style='font-size:40px;line-height:40px;' aria-hidden='true' data-av_icon='\ue8fd' data-av_iconfont='entypo-fontello' rel=\"noopener\"><\/a><\/span><br \/>\n<section class=\"av_textblock_section \"  itemscope=\"itemscope\" itemtype=\"https:\/\/schema.org\/CreativeWork\" ><div class='avia_textblock  '   itemprop=\"text\" ><h2 style=\"text-align: center;\">Follow us on <a href=\"https:\/\/www.linkedin.com\/in\/heleneguay\/\" target=\"_blank\" rel=\"noopener\">LinkedIn<\/a><\/h2>\n<\/div><\/section><\/p><\/div><div class=\"flex_column av_one_fifth  flex_column_div av-zero-column-padding   avia-builder-el-24  el_after_av_three_fifth  avia-builder-el-last  \" style='border-radius:0px; '><\/div><\/div><\/div><\/div><!-- close content main div --><\/div><\/div><div id='after_section_2'  class='main_color av_default_container_wrap container_wrap sidebar_right' style=' '  ><div class='container' ><div class='template-page content  av-content-small alpha units'><div class='post-entry post-entry-type-page post-entry-885'><div class='entry-content-wrapper clearfix'>\n","protected":false},"excerpt":{"rendered":"","protected":false},"author":1,"featured_media":102,"parent":0,"menu_order":0,"comment_status":"closed","ping_status":"closed","template":"","meta":{"cybocfi_hide_featured_image":"","footnotes":""},"class_list":["post-885","page","type-page","status-publish","has-post-thumbnail","hentry"],"yoast_head":"<!-- This site is optimized with the Yoast SEO plugin v26.8 - https:\/\/yoast.com\/product\/yoast-seo-wordpress\/ -->\n<title>Elder law, Rights of Elders, Seniors Rights, H\u00e9l\u00e8ne Guay, Elder Attorney<\/title>\n<meta name=\"description\" content=\"H\u00e9l\u00e8ne Guay, Elder law attorney. Elder law firm. Rights of the elderly and disabled. Senior legal services. Mandate in case of incapacity.\" \/>\n<meta name=\"robots\" content=\"index, follow, max-snippet:-1, max-image-preview:large, max-video-preview:-1\" \/>\n<link rel=\"canonical\" href=\"https:\/\/heleneguay.com\/en\/elder-law\/\" \/>\n<meta property=\"og:locale\" content=\"en_US\" \/>\n<meta property=\"og:type\" content=\"article\" \/>\n<meta property=\"og:title\" content=\"Elder law, Rights of Elders, Seniors Rights, H\u00e9l\u00e8ne Guay, Elder Attorney\" \/>\n<meta property=\"og:description\" content=\"H\u00e9l\u00e8ne Guay, Elder law attorney. Elder law firm. Rights of the elderly and disabled. Senior legal services. Mandate in case of incapacity.\" \/>\n<meta property=\"og:url\" content=\"https:\/\/heleneguay.com\/en\/elder-law\/\" \/>\n<meta property=\"og:site_name\" content=\"H\u00e9l\u00e8ne Guay\" \/>\n<meta property=\"article:modified_time\" content=\"2026-02-02T16:42:15+00:00\" \/>\n<meta property=\"og:image\" content=\"https:\/\/heleneguay.com\/wp-content\/uploads\/2020\/08\/droit-des-aines-2.jpg\" \/>\n\t<meta property=\"og:image:width\" content=\"1125\" \/>\n\t<meta property=\"og:image:height\" content=\"657\" \/>\n\t<meta property=\"og:image:type\" content=\"image\/jpeg\" \/>\n<meta name=\"twitter:card\" content=\"summary_large_image\" \/>\n<meta name=\"twitter:label1\" content=\"Est. reading time\" \/>\n\t<meta name=\"twitter:data1\" content=\"6 minutes\" \/>\n<script type=\"application\/ld+json\" class=\"yoast-schema-graph\">{\"@context\":\"https:\/\/schema.org\",\"@graph\":[{\"@type\":\"WebPage\",\"@id\":\"https:\/\/heleneguay.com\/en\/elder-law\/\",\"url\":\"https:\/\/heleneguay.com\/en\/elder-law\/\",\"name\":\"Elder law, Rights of Elders, Seniors Rights, H\u00e9l\u00e8ne Guay, Elder Attorney\",\"isPartOf\":{\"@id\":\"https:\/\/heleneguay.com\/en\/#website\"},\"primaryImageOfPage\":{\"@id\":\"https:\/\/heleneguay.com\/en\/elder-law\/#primaryimage\"},\"image\":{\"@id\":\"https:\/\/heleneguay.com\/en\/elder-law\/#primaryimage\"},\"thumbnailUrl\":\"https:\/\/heleneguay.com\/wp-content\/uploads\/2020\/08\/droit-des-aines-2.jpg\",\"datePublished\":\"2020-12-14T19:52:38+00:00\",\"dateModified\":\"2026-02-02T16:42:15+00:00\",\"description\":\"H\u00e9l\u00e8ne Guay, Elder law attorney. Elder law firm. Rights of the elderly and disabled. Senior legal services. Mandate in case of incapacity.\",\"breadcrumb\":{\"@id\":\"https:\/\/heleneguay.com\/en\/elder-law\/#breadcrumb\"},\"inLanguage\":\"en-US\",\"potentialAction\":[{\"@type\":\"ReadAction\",\"target\":[\"https:\/\/heleneguay.com\/en\/elder-law\/\"]}]},{\"@type\":\"ImageObject\",\"inLanguage\":\"en-US\",\"@id\":\"https:\/\/heleneguay.com\/en\/elder-law\/#primaryimage\",\"url\":\"https:\/\/heleneguay.com\/wp-content\/uploads\/2020\/08\/droit-des-aines-2.jpg\",\"contentUrl\":\"https:\/\/heleneguay.com\/wp-content\/uploads\/2020\/08\/droit-des-aines-2.jpg\",\"width\":1125,\"height\":657},{\"@type\":\"BreadcrumbList\",\"@id\":\"https:\/\/heleneguay.com\/en\/elder-law\/#breadcrumb\",\"itemListElement\":[{\"@type\":\"ListItem\",\"position\":1,\"name\":\"Accueil\",\"item\":\"https:\/\/heleneguay.com\/en\/\"},{\"@type\":\"ListItem\",\"position\":2,\"name\":\"Elder Law\"}]},{\"@type\":\"WebSite\",\"@id\":\"https:\/\/heleneguay.com\/en\/#website\",\"url\":\"https:\/\/heleneguay.com\/en\/\",\"name\":\"H\u00e9l\u00e8ne Guay\",\"description\":\"Droit de la sant\u00e9, Droits de la personne, Droit des a\u00een\u00e9s\",\"potentialAction\":[{\"@type\":\"SearchAction\",\"target\":{\"@type\":\"EntryPoint\",\"urlTemplate\":\"https:\/\/heleneguay.com\/en\/?s={search_term_string}\"},\"query-input\":{\"@type\":\"PropertyValueSpecification\",\"valueRequired\":true,\"valueName\":\"search_term_string\"}}],\"inLanguage\":\"en-US\"}]}<\/script>\n<!-- \/ Yoast SEO plugin. -->","yoast_head_json":{"title":"Elder law, Rights of Elders, Seniors Rights, H\u00e9l\u00e8ne Guay, Elder Attorney","description":"H\u00e9l\u00e8ne Guay, Elder law attorney. Elder law firm. Rights of the elderly and disabled. Senior legal services. Mandate in case of incapacity.","robots":{"index":"index","follow":"follow","max-snippet":"max-snippet:-1","max-image-preview":"max-image-preview:large","max-video-preview":"max-video-preview:-1"},"canonical":"https:\/\/heleneguay.com\/en\/elder-law\/","og_locale":"en_US","og_type":"article","og_title":"Elder law, Rights of Elders, Seniors Rights, H\u00e9l\u00e8ne Guay, Elder Attorney","og_description":"H\u00e9l\u00e8ne Guay, Elder law attorney. Elder law firm. Rights of the elderly and disabled. Senior legal services. Mandate in case of incapacity.","og_url":"https:\/\/heleneguay.com\/en\/elder-law\/","og_site_name":"H\u00e9l\u00e8ne Guay","article_modified_time":"2026-02-02T16:42:15+00:00","og_image":[{"width":1125,"height":657,"url":"https:\/\/heleneguay.com\/wp-content\/uploads\/2020\/08\/droit-des-aines-2.jpg","type":"image\/jpeg"}],"twitter_card":"summary_large_image","twitter_misc":{"Est. reading time":"6 minutes"},"schema":{"@context":"https:\/\/schema.org","@graph":[{"@type":"WebPage","@id":"https:\/\/heleneguay.com\/en\/elder-law\/","url":"https:\/\/heleneguay.com\/en\/elder-law\/","name":"Elder law, Rights of Elders, Seniors Rights, H\u00e9l\u00e8ne Guay, Elder Attorney","isPartOf":{"@id":"https:\/\/heleneguay.com\/en\/#website"},"primaryImageOfPage":{"@id":"https:\/\/heleneguay.com\/en\/elder-law\/#primaryimage"},"image":{"@id":"https:\/\/heleneguay.com\/en\/elder-law\/#primaryimage"},"thumbnailUrl":"https:\/\/heleneguay.com\/wp-content\/uploads\/2020\/08\/droit-des-aines-2.jpg","datePublished":"2020-12-14T19:52:38+00:00","dateModified":"2026-02-02T16:42:15+00:00","description":"H\u00e9l\u00e8ne Guay, Elder law attorney. Elder law firm. Rights of the elderly and disabled. Senior legal services. Mandate in case of incapacity.","breadcrumb":{"@id":"https:\/\/heleneguay.com\/en\/elder-law\/#breadcrumb"},"inLanguage":"en-US","potentialAction":[{"@type":"ReadAction","target":["https:\/\/heleneguay.com\/en\/elder-law\/"]}]},{"@type":"ImageObject","inLanguage":"en-US","@id":"https:\/\/heleneguay.com\/en\/elder-law\/#primaryimage","url":"https:\/\/heleneguay.com\/wp-content\/uploads\/2020\/08\/droit-des-aines-2.jpg","contentUrl":"https:\/\/heleneguay.com\/wp-content\/uploads\/2020\/08\/droit-des-aines-2.jpg","width":1125,"height":657},{"@type":"BreadcrumbList","@id":"https:\/\/heleneguay.com\/en\/elder-law\/#breadcrumb","itemListElement":[{"@type":"ListItem","position":1,"name":"Accueil","item":"https:\/\/heleneguay.com\/en\/"},{"@type":"ListItem","position":2,"name":"Elder Law"}]},{"@type":"WebSite","@id":"https:\/\/heleneguay.com\/en\/#website","url":"https:\/\/heleneguay.com\/en\/","name":"H\u00e9l\u00e8ne Guay","description":"Droit de la sant\u00e9, Droits de la personne, Droit des a\u00een\u00e9s","potentialAction":[{"@type":"SearchAction","target":{"@type":"EntryPoint","urlTemplate":"https:\/\/heleneguay.com\/en\/?s={search_term_string}"},"query-input":{"@type":"PropertyValueSpecification","valueRequired":true,"valueName":"search_term_string"}}],"inLanguage":"en-US"}]}},"_links":{"self":[{"href":"https:\/\/heleneguay.com\/en\/wp-json\/wp\/v2\/pages\/885","targetHints":{"allow":["GET"]}}],"collection":[{"href":"https:\/\/heleneguay.com\/en\/wp-json\/wp\/v2\/pages"}],"about":[{"href":"https:\/\/heleneguay.com\/en\/wp-json\/wp\/v2\/types\/page"}],"author":[{"embeddable":true,"href":"https:\/\/heleneguay.com\/en\/wp-json\/wp\/v2\/users\/1"}],"replies":[{"embeddable":true,"href":"https:\/\/heleneguay.com\/en\/wp-json\/wp\/v2\/comments?post=885"}],"version-history":[{"count":3,"href":"https:\/\/heleneguay.com\/en\/wp-json\/wp\/v2\/pages\/885\/revisions"}],"predecessor-version":[{"id":4402,"href":"https:\/\/heleneguay.com\/en\/wp-json\/wp\/v2\/pages\/885\/revisions\/4402"}],"wp:featuredmedia":[{"embeddable":true,"href":"https:\/\/heleneguay.com\/en\/wp-json\/wp\/v2\/media\/102"}],"wp:attachment":[{"href":"https:\/\/heleneguay.com\/en\/wp-json\/wp\/v2\/media?parent=885"}],"curies":[{"name":"wp","href":"https:\/\/api.w.org\/{rel}","templated":true}]}}