{"id":904,"date":"2020-12-14T17:14:01","date_gmt":"2020-12-14T21:14:01","guid":{"rendered":"https:\/\/heleneguay.com\/contact-us\/"},"modified":"2026-02-02T15:52:25","modified_gmt":"2026-02-02T20:52:25","slug":"contact-us","status":"publish","type":"page","link":"https:\/\/heleneguay.com\/en\/contact-us\/","title":{"rendered":"CONTACT US"},"content":{"rendered":"<div id='av_section_1'  class='avia-section main_color avia-section-no-padding avia-no-border-styling  avia-bg-style-scroll  avia-builder-el-0  el_before_av_section  avia-builder-el-first   av-mini-hide av-minimum-height av-minimum-height-custom  container_wrap sidebar_right' style='background-repeat: no-repeat; background-image: url(https:\/\/heleneguay.com\/wp-content\/uploads\/2020\/10\/bandeau-contact-1.jpg);background-attachment: scroll; background-position: top left;  '  data-section-bg-repeat='no-repeat'><div class='container' style='height:300px'><main  role=\"main\" itemprop=\"mainContentOfPage\"  class='template-page content  av-content-small alpha units'><div class='post-entry post-entry-type-page post-entry-904'><div class='entry-content-wrapper clearfix'>\n<\/div><\/div><\/main><!-- close content main element --><\/div><\/div><div id='av_section_2'  class='avia-section main_color avia-section-no-padding avia-no-border-styling  avia-full-stretch avia-bg-style-scroll  avia-builder-el-1  el_after_av_section  el_before_av_one_half   av-desktop-hide av-medium-hide av-small-hide container_wrap sidebar_right' style='background-repeat: no-repeat; background-image: url(https:\/\/heleneguay.com\/wp-content\/uploads\/2020\/10\/bandeau-contact-1.jpg);background-attachment: scroll; background-position: top left;  '  data-section-bg-repeat='stretch'><div class='container' ><div class='template-page content  av-content-small alpha units'><div class='post-entry post-entry-type-page post-entry-904'><div class='entry-content-wrapper clearfix'><\/div><\/div><\/div><!-- close content main div --><\/div><\/div><div id='after_section_2'  class='main_color av_default_container_wrap container_wrap sidebar_right' style=' '  ><div class='container' ><div class='template-page content  av-content-small alpha units'><div class='post-entry post-entry-type-page post-entry-904'><div class='entry-content-wrapper clearfix'>\n<div class=\"flex_column av_one_half  flex_column_div av-zero-column-padding first  avia-builder-el-2  el_after_av_section  el_before_av_one_half  avia-builder-el-first  \" style='border-radius:0px; '><form action=\"https:\/\/heleneguay.com\/en\/contact-us\/\" method=\"post\"  class=\"avia_ajax_form av-form-labels-visible   avia-builder-el-3  avia-builder-el-no-sibling   \" data-avia-form-id=\"1\" data-avia-redirect='' ><h3 class=''>Contact us<\/h3><fieldset><p class='  first_form  form_element form_fullwidth' id='element_avia_1_1'><label for=\"avia_1_1\">Name <abbr class=\"required\" title=\"required\">*<\/abbr><\/label> <input name=\"avia_1_1\" class=\"text_input is_empty\" type=\"text\" id=\"avia_1_1\" value=\"\" \/><\/p><p class='  first_form  form_element form_fullwidth' id='element_avia_2_1'><label for=\"avia_2_1\">Email <abbr class=\"required\" title=\"required\">*<\/abbr><\/label> <input name=\"avia_2_1\" class=\"text_input is_empty\" type=\"text\" id=\"avia_2_1\" value=\"\" \/><\/p><p class='  first_form  form_element form_fullwidth' id='element_avia_3_1'><label for=\"avia_3_1\">Phone (optional)<\/label> <input name=\"avia_3_1\" class=\"text_input \" type=\"text\" id=\"avia_3_1\" value=\"\" \/><\/p><p class='  first_form  form_element form_fullwidth' id='element_avia_4_1'><label for=\"avia_4_1\">Subject <abbr class=\"required\" title=\"required\">*<\/abbr><\/label> <input name=\"avia_4_1\" class=\"text_input is_empty\" type=\"text\" id=\"avia_4_1\" value=\"\" \/><\/p><p class='  first_form  form_element form_fullwidth' id='element_avia_5_1'><label for=\"avia_5_1\" class=\"textare_label hidden textare_label_avia_5_1\">Message <abbr class=\"required\" title=\"required\">*<\/abbr><\/label><textarea  name=\"avia_5_1\" class=\"text_area is_empty\" cols=\"40\" rows=\"7\" id=\"avia_5_1\" ><\/textarea><\/p><p class=\"hidden\"><input type=\"text\" name=\"avia_6_1\" class=\"hidden \" id=\"avia_6_1\" value=\"\" \/><\/p><div id='avia_7_1' class='av-recaptcha-area  first_form  form_element form_fullwidth '  data-container_class=\"\" data-custom_class=\"\" data-context=\"av_contact_form\" data-token_input=\"av_recaptcha_token\" data-version=\"avia_recaptcha_v2\" data-theme=\"light\" data-size=\"normal\" data-score=\"0.5\" data-text_to_preview=\"\" data-value=\"\"><div class=\"av-google-badge-message hidden\">This site is protected by reCAPTCHA and the Google <a href=\"https:\/\/policies.google.com\/privacy\">Privacy Policy<\/a> and <a href=\"https:\/\/policies.google.com\/terms\">Terms of Service<\/a> apply.<\/div><\/div><p class=\"form_element \"><input type=\"hidden\" value=\"1\" name=\"avia_generated_form1\" \/><input type=\"submit\" value=\"SEND\" class=\"button\"  data-sending-label=\"Sending\"\/><\/p><\/fieldset><div class=\"avia-disabled-form\">This contact form is deactivated because you refused to accept Google reCaptcha service which is necessary to validate any messages sent by the form.<\/div><\/form><div id=\"ajaxresponse_1\" class=\"ajaxresponse ajaxresponse_1 hidden\"><\/div><\/div>\n<div class=\"flex_column av_one_half  flex_column_div av-zero-column-padding   avia-builder-el-4  el_after_av_one_half  el_before_av_section  avia-builder-el-last  \" style='border-radius:0px; '><p><section class=\"av_textblock_section \"  itemscope=\"itemscope\" itemtype=\"https:\/\/schema.org\/CreativeWork\" ><div class='avia_textblock  '   itemprop=\"text\" ><p><a href=\"https:\/\/heleneguay.com\/en\/helene-guay-profile\/\">H\u00e9l\u00e8ne Guay, attorney<\/a><br \/>\n200 Laurier West, Suite 300<br \/>\nMontr\u00e9al (Qu\u00e9bec) H2T 2N8<\/p>\n<p>Phone: 514-272-1164<br \/>\nFax: 514-272-5447<br \/>\n<a href=\"mailto:hguay@heleneguay.com\">hguay@heleneguay.com<\/a><\/p>\n<span  class=\"av_font_icon avia_animate_when_visible avia-icon-animate  av-icon-style-  av-no-color avia-icon-pos-left \" style=\"\"><a href='https:\/\/www.linkedin.com\/in\/heleneguay\/' target=\"_blank\" class='av-icon-char' style='font-size:30px;line-height:30px;' aria-hidden='true' data-av_icon='\ue8fc' data-av_iconfont='entypo-fontello' rel=\"noopener\"><\/a><\/span>\n<\/div><\/section><br \/>\n<div   class='hr hr-default   avia-builder-el-7  el_after_av_textblock  el_before_av_codeblock '><span class='hr-inner ' ><span class='hr-inner-style'><\/span><\/span><\/div><br \/>\n<\/p><\/div><\/div><\/div><\/div><!-- close content main div --><\/div><\/div><div id='av_section_3'  class='avia-section main_color avia-section-large avia-no-border-styling  avia-full-stretch avia-bg-style-scroll  avia-builder-el-9  el_after_av_one_half  avia-builder-el-last   container_wrap sidebar_right' style='background-repeat: no-repeat; background-image: url(https:\/\/heleneguay.com\/wp-content\/uploads\/2020\/08\/fond-bleu-texture-3.jpg);background-attachment: scroll; background-position: top left;  '  data-section-bg-repeat='stretch'><div class='container' ><div class='template-page content  av-content-small alpha units'><div class='post-entry post-entry-type-page post-entry-904'><div class='entry-content-wrapper clearfix'>\n<div class=\"flex_column av_one_fifth  flex_column_div av-zero-column-padding first  avia-builder-el-10  el_before_av_three_fifth  avia-builder-el-first  \" style='border-radius:0px; '><\/div><div class=\"flex_column av_three_fifth  flex_column_div   avia-builder-el-11  el_after_av_one_fifth  el_before_av_one_fifth  \" style='padding:0px 60px 0px 60px ; border-radius:0px; ' id=\"mailchimp-form\" ><section class=\"av_textblock_section \"  itemscope=\"itemscope\" itemtype=\"https:\/\/schema.org\/CreativeWork\" ><div class='avia_textblock  '   itemprop=\"text\" ><h2 style=\"text-align: center;\">Subscribe to our newsletter to stay informed of issues and progress on health law, persons\u2019 rights and elders\u2019 law.<\/h2>\n<\/div><\/section><br \/>\n<form action=\"https:\/\/heleneguay.com\/en\/contact-us\/\" method=\"post\"  data-av-custom-send='mailchimp_send' class=\"avia_ajax_form av-form-labels-hidden   avia-builder-el-13  el_after_av_textblock  avia-builder-el-last  infolettre  avia-mailchimp-form  av-mini-hide\" data-avia-form-id=\"2\" data-avia-redirect='' ><fieldset><p class='  first_form  form_element form_fullwidth' id='element_avia_1_2'><label for=\"avia_1_2\">First Name<\/label> <input name=\"avia_1_2\" class=\"text_input \" type=\"text\" id=\"avia_1_2\" value=\"\"  placeholder='First Name'\/><\/p><p class='  first_form  form_element form_fullwidth' id='element_avia_2_2'><label for=\"avia_2_2\">Name<\/label> <input name=\"avia_2_2\" class=\"text_input \" type=\"text\" id=\"avia_2_2\" value=\"\"  placeholder='Name'\/><\/p><p class='  first_form  form_element form_fullwidth' id='element_avia_0_2'><label for=\"avia_0_2\">Email <abbr class=\"required\" title=\"required\">*<\/abbr><\/label> <input name=\"avia_0_2\" class=\"text_input is_email\" type=\"text\" id=\"avia_0_2\" value=\"\"  placeholder='Email*'\/><\/p><p class=\"form_element  first_form  form_element form_fullwidth av-last-visible-form-element modified_width\"><input type=\"hidden\" value=\"1\" name=\"avia_generated_form2\" \/><input type=\"submit\" value=\"REGISTER\" class=\"button\"  data-sending-label=\"Sending\"\/><\/p><p class=\"hidden\"><input type=\"text\" name=\"avia_avia_username_2\" class=\"hidden \" id=\"avia_avia_username_2\" value=\"\" \/><\/p><\/fieldset><\/form><div id=\"ajaxresponse_2\" class=\"ajaxresponse ajaxresponse_2 hidden\"><\/div><\/p><\/div><div class=\"flex_column av_one_fifth  flex_column_div av-zero-column-padding   avia-builder-el-14  el_after_av_three_fifth  el_before_av_mailchimp  \" style='border-radius:0px; '><\/div><form action=\"https:\/\/heleneguay.com\/en\/contact-us\/\" method=\"post\"  data-av-custom-send='mailchimp_send' class=\"avia_ajax_form av-form-labels-hidden   avia-builder-el-15  el_after_av_one_fifth  avia-builder-el-last   avia-mailchimp-form  av-desktop-hide av-medium-hide av-small-hide\" data-avia-form-id=\"3\" data-avia-redirect='' ><fieldset><p class='  first_form  form_element form_fullwidth' id='element_avia_1_3'><label for=\"avia_1_3\">First Name<\/label> <input name=\"avia_1_3\" class=\"text_input \" type=\"text\" id=\"avia_1_3\" value=\"\"  placeholder='First Name'\/><\/p><p class='  first_form  form_element form_fullwidth' id='element_avia_2_3'><label for=\"avia_2_3\">Name<\/label> <input name=\"avia_2_3\" class=\"text_input \" type=\"text\" id=\"avia_2_3\" value=\"\"  placeholder='Name'\/><\/p><p class='  first_form  form_element form_fullwidth' id='element_avia_0_3'><label for=\"avia_0_3\">Email <abbr class=\"required\" title=\"required\">*<\/abbr><\/label> <input name=\"avia_0_3\" class=\"text_input is_email\" type=\"text\" id=\"avia_0_3\" value=\"\"  placeholder='Email*'\/><\/p><p class=\"form_element  first_form  form_element form_fullwidth av-last-visible-form-element modified_width\"><input type=\"hidden\" value=\"1\" name=\"avia_generated_form3\" \/><input type=\"submit\" value=\"REGISTER\" class=\"button\"  data-sending-label=\"Sending\"\/><\/p><p class=\"hidden\"><input type=\"text\" name=\"avia_avia_username_3\" class=\"hidden \" id=\"avia_avia_username_3\" value=\"\" \/><\/p><\/fieldset><\/form><div id=\"ajaxresponse_3\" class=\"ajaxresponse ajaxresponse_3 hidden\"><\/div>\n<\/div><\/div><\/div><!-- close content main div --><\/div><\/div><div id='after_section_3'  class='main_color av_default_container_wrap container_wrap sidebar_right' style=' '  ><div class='container' ><div class='template-page content  av-content-small alpha units'><div class='post-entry post-entry-type-page post-entry-904'><div class='entry-content-wrapper clearfix'><\/p>\n","protected":false},"excerpt":{"rendered":"","protected":false},"author":1,"featured_media":0,"parent":0,"menu_order":0,"comment_status":"closed","ping_status":"closed","template":"","meta":{"cybocfi_hide_featured_image":"","footnotes":""},"class_list":["post-904","page","type-page","status-publish","hentry"],"yoast_head":"<!-- This site is optimized with the Yoast SEO plugin v27.3 - https:\/\/yoast.com\/product\/yoast-seo-wordpress\/ -->\n<title>H\u00e9l\u00e8ne Guay Attorney Montreal, Litigation law firm Montreal<\/title>\n<meta name=\"description\" content=\"The office of H\u00e9l\u00e8ne Guay, a lawyer with more than 30 years of experience, are located on the Plateau-Mont-Royal in Montreal.\" \/>\n<meta name=\"robots\" content=\"index, follow, max-snippet:-1, max-image-preview:large, max-video-preview:-1\" \/>\n<link rel=\"canonical\" href=\"https:\/\/heleneguay.com\/en\/contact-us\/\" \/>\n<meta property=\"og:locale\" content=\"en_US\" \/>\n<meta property=\"og:type\" content=\"article\" \/>\n<meta property=\"og:title\" content=\"H\u00e9l\u00e8ne Guay Attorney Montreal, Litigation law firm Montreal\" \/>\n<meta property=\"og:description\" content=\"The office of H\u00e9l\u00e8ne Guay, a lawyer with more than 30 years of experience, are located on the Plateau-Mont-Royal in Montreal.\" \/>\n<meta property=\"og:url\" content=\"https:\/\/heleneguay.com\/en\/contact-us\/\" \/>\n<meta property=\"og:site_name\" content=\"H\u00e9l\u00e8ne Guay\" \/>\n<meta property=\"article:modified_time\" content=\"2026-02-02T20:52:25+00:00\" \/>\n<meta name=\"twitter:card\" content=\"summary_large_image\" \/>\n<meta name=\"twitter:label1\" content=\"Est. reading time\" \/>\n\t<meta name=\"twitter:data1\" content=\"4 minutes\" \/>\n<script type=\"application\/ld+json\" class=\"yoast-schema-graph\">{\"@context\":\"https:\\\/\\\/schema.org\",\"@graph\":[{\"@type\":\"WebPage\",\"@id\":\"https:\\\/\\\/heleneguay.com\\\/en\\\/contact-us\\\/\",\"url\":\"https:\\\/\\\/heleneguay.com\\\/en\\\/contact-us\\\/\",\"name\":\"H\u00e9l\u00e8ne Guay Attorney Montreal, Litigation law firm Montreal\",\"isPartOf\":{\"@id\":\"https:\\\/\\\/heleneguay.com\\\/en\\\/#website\"},\"datePublished\":\"2020-12-14T21:14:01+00:00\",\"dateModified\":\"2026-02-02T20:52:25+00:00\",\"description\":\"The office of H\u00e9l\u00e8ne Guay, a lawyer with more than 30 years of experience, are located on the Plateau-Mont-Royal in Montreal.\",\"breadcrumb\":{\"@id\":\"https:\\\/\\\/heleneguay.com\\\/en\\\/contact-us\\\/#breadcrumb\"},\"inLanguage\":\"en-US\",\"potentialAction\":[{\"@type\":\"ReadAction\",\"target\":[\"https:\\\/\\\/heleneguay.com\\\/en\\\/contact-us\\\/\"]}]},{\"@type\":\"BreadcrumbList\",\"@id\":\"https:\\\/\\\/heleneguay.com\\\/en\\\/contact-us\\\/#breadcrumb\",\"itemListElement\":[{\"@type\":\"ListItem\",\"position\":1,\"name\":\"Accueil\",\"item\":\"https:\\\/\\\/heleneguay.com\\\/en\\\/\"},{\"@type\":\"ListItem\",\"position\":2,\"name\":\"CONTACT US\"}]},{\"@type\":\"WebSite\",\"@id\":\"https:\\\/\\\/heleneguay.com\\\/en\\\/#website\",\"url\":\"https:\\\/\\\/heleneguay.com\\\/en\\\/\",\"name\":\"H\u00e9l\u00e8ne Guay\",\"description\":\"Droit de la sant\u00e9, Droits de la personne, Droit des a\u00een\u00e9s\",\"potentialAction\":[{\"@type\":\"SearchAction\",\"target\":{\"@type\":\"EntryPoint\",\"urlTemplate\":\"https:\\\/\\\/heleneguay.com\\\/en\\\/?s={search_term_string}\"},\"query-input\":{\"@type\":\"PropertyValueSpecification\",\"valueRequired\":true,\"valueName\":\"search_term_string\"}}],\"inLanguage\":\"en-US\"}]}<\/script>\n<!-- \/ Yoast SEO plugin. -->","yoast_head_json":{"title":"H\u00e9l\u00e8ne Guay Attorney Montreal, Litigation law firm Montreal","description":"The office of H\u00e9l\u00e8ne Guay, a lawyer with more than 30 years of experience, are located on the Plateau-Mont-Royal in Montreal.","robots":{"index":"index","follow":"follow","max-snippet":"max-snippet:-1","max-image-preview":"max-image-preview:large","max-video-preview":"max-video-preview:-1"},"canonical":"https:\/\/heleneguay.com\/en\/contact-us\/","og_locale":"en_US","og_type":"article","og_title":"H\u00e9l\u00e8ne Guay Attorney Montreal, Litigation law firm Montreal","og_description":"The office of H\u00e9l\u00e8ne Guay, a lawyer with more than 30 years of experience, are located on the Plateau-Mont-Royal in Montreal.","og_url":"https:\/\/heleneguay.com\/en\/contact-us\/","og_site_name":"H\u00e9l\u00e8ne Guay","article_modified_time":"2026-02-02T20:52:25+00:00","twitter_card":"summary_large_image","twitter_misc":{"Est. reading time":"4 minutes"},"schema":{"@context":"https:\/\/schema.org","@graph":[{"@type":"WebPage","@id":"https:\/\/heleneguay.com\/en\/contact-us\/","url":"https:\/\/heleneguay.com\/en\/contact-us\/","name":"H\u00e9l\u00e8ne Guay Attorney Montreal, Litigation law firm Montreal","isPartOf":{"@id":"https:\/\/heleneguay.com\/en\/#website"},"datePublished":"2020-12-14T21:14:01+00:00","dateModified":"2026-02-02T20:52:25+00:00","description":"The office of H\u00e9l\u00e8ne Guay, a lawyer with more than 30 years of experience, are located on the Plateau-Mont-Royal in Montreal.","breadcrumb":{"@id":"https:\/\/heleneguay.com\/en\/contact-us\/#breadcrumb"},"inLanguage":"en-US","potentialAction":[{"@type":"ReadAction","target":["https:\/\/heleneguay.com\/en\/contact-us\/"]}]},{"@type":"BreadcrumbList","@id":"https:\/\/heleneguay.com\/en\/contact-us\/#breadcrumb","itemListElement":[{"@type":"ListItem","position":1,"name":"Accueil","item":"https:\/\/heleneguay.com\/en\/"},{"@type":"ListItem","position":2,"name":"CONTACT US"}]},{"@type":"WebSite","@id":"https:\/\/heleneguay.com\/en\/#website","url":"https:\/\/heleneguay.com\/en\/","name":"H\u00e9l\u00e8ne Guay","description":"Droit de la sant\u00e9, Droits de la personne, Droit des a\u00een\u00e9s","potentialAction":[{"@type":"SearchAction","target":{"@type":"EntryPoint","urlTemplate":"https:\/\/heleneguay.com\/en\/?s={search_term_string}"},"query-input":{"@type":"PropertyValueSpecification","valueRequired":true,"valueName":"search_term_string"}}],"inLanguage":"en-US"}]}},"_links":{"self":[{"href":"https:\/\/heleneguay.com\/en\/wp-json\/wp\/v2\/pages\/904","targetHints":{"allow":["GET"]}}],"collection":[{"href":"https:\/\/heleneguay.com\/en\/wp-json\/wp\/v2\/pages"}],"about":[{"href":"https:\/\/heleneguay.com\/en\/wp-json\/wp\/v2\/types\/page"}],"author":[{"embeddable":true,"href":"https:\/\/heleneguay.com\/en\/wp-json\/wp\/v2\/users\/1"}],"replies":[{"embeddable":true,"href":"https:\/\/heleneguay.com\/en\/wp-json\/wp\/v2\/comments?post=904"}],"version-history":[{"count":2,"href":"https:\/\/heleneguay.com\/en\/wp-json\/wp\/v2\/pages\/904\/revisions"}],"predecessor-version":[{"id":4415,"href":"https:\/\/heleneguay.com\/en\/wp-json\/wp\/v2\/pages\/904\/revisions\/4415"}],"wp:attachment":[{"href":"https:\/\/heleneguay.com\/en\/wp-json\/wp\/v2\/media?parent=904"}],"curies":[{"name":"wp","href":"https:\/\/api.w.org\/{rel}","templated":true}]}}